{"id":14,"date":"2022-02-18T06:25:18","date_gmt":"2022-02-18T06:25:18","guid":{"rendered":"http:\/\/www.melsayapiinsaat.com\/?page_id=14"},"modified":"2022-02-21T05:29:33","modified_gmt":"2022-02-21T05:29:33","slug":"contact","status":"publish","type":"page","link":"http:\/\/www.melsayapiinsaat.com\/index.php\/contact\/","title":{"rendered":"\u0130leti\u015fim"},"content":{"rendered":"\r\n<div class=\"wp-block-columns alignfull is-layout-flex wp-container-2\">\r\n<div class=\"wp-block-column is-layout-flow\">\r\n<div style=\"width: 100%;\"><iframe src=\"https:\/\/www.google.com\/maps\/embed?pb=!1m18!1m12!1m3!1d205143.65754129676!2d36.04586656991615!3d36.5451991337846!2m3!1f0!2f0!3f0!3m2!1i1024!2i768!4f13.1!3m3!1m2!1s0x1525f7dd13eee51d%3A0x33639d9fa8c8b74d!2zTWVsc2EgWWFwxLEgxLBuxZ9hYXQgLSBLYXJhYcSfYcOnIMSwc2tlbmRlcnVu!5e0!3m2!1str!2str!4v1645421024304!5m2!1str!2str\" width=\"100%\" height=\"400\" style=\"border:0;\" allowfullscreen=\"yes\" loading=\"lazy\"><\/iframe><\/div>\r\n\r\n\r\n\r\n<p>&nbsp;<\/p>\r\n<\/div>\r\n<\/div>\r\n\r\n\r\n\r\n<div class=\"wp-block-columns container is-layout-flex wp-container-9\">\r\n<div class=\"wp-block-column is-vertically-aligned-center is-layout-flow\">\r\n<h2 class=\"hestia-title wp-block-heading\">Bize ula\u015f\u0131n<\/h2>\r\n\r\n\r\n\r\n<div style=\"height: 40px;\" aria-hidden=\"true\" class=\"wp-block-spacer\"><\/div>\r\n\r\n\r\n\r\n<div class=\"contact-wrapper\">\r\n<div class=\"content\"><form>\r\n<div class=\"form-group\"><input type=\"text\" id=\"fname\" name=\"firstname\" placeholder=\"Your name..\" \/><\/div>\r\n<div class=\"form-group\"><input type=\"text\" id=\"lname\" name=\"lastname\" placeholder=\"Your last name..\" \/><\/div>\r\n<div class=\"form-group\"><textarea id=\"subject\" name=\"subject\" placeholder=\"Write something..\" style=\"height: 200px;\"><\/textarea><\/div>\r\n<input type=\"submit\" value=\"Submit\" \/><\/form><\/div>\r\n<\/div>\r\n<\/div>\r\n\r\n\r\n\r\n<div class=\"wp-block-column is-vertically-aligned-center is-layout-flow\">\r\n<div class=\"wp-block-columns is-layout-flex wp-container-7\">\r\n<div class=\"wp-block-column is-layout-flow\"><\/div>\r\n\r\n\r\n\r\n<div class=\"wp-block-column is-layout-flow\" style=\"flex-basis: 50%;\">\r\n<h4 class=\"has-text-align-left hestia-title has-text-color wp-block-heading\" style=\"color: #3c4858; font-size: 18px;\"><img decoding=\"async\" class=\"wp-image-86\" style=\"width: 25px;\" src=\"http:\/\/www.melsayapiinsaat.com\/wp-content\/themes\/hestia\/assets\/img\/contact1.png\" alt=\"Map icon\" \/> <strong>Adresimiz<\/strong><\/h4>\r\n\r\n\r\n\r\n<p class=\"has-text-align-left has-text-color\" style=\"color: #999999; font-size: 14px;\">\u015earkkonak Mah. Atat\u00fcrk Cad.<br \/>No: 305\/B<br \/>Karaa\u011fa\u00e7 &#8211; Arsuz \/ HATAY<\/p>\r\n\r\n\r\n\r\n<div style=\"height: 40px;\" aria-hidden=\"true\" class=\"wp-block-spacer\"><\/div>\r\n\r\n\r\n\r\n<h4 class=\"has-text-align-left hestia-title has-text-color wp-block-heading\" style=\"color: #3c4858; font-size: 18px;\"><img decoding=\"async\" class=\"wp-image-98\" style=\"width: 25px;\" src=\"http:\/\/www.melsayapiinsaat.com\/wp-content\/themes\/hestia\/assets\/img\/contact2.png\" alt=\"\" \/> <strong><strong>Telefon<\/strong><\/strong><\/h4>\r\n\r\n\r\n\r\n<p class=\"has-text-align-left has-text-color\" style=\"color: #999999; font-size: 14px;\">0 (326) 641 70 90<br \/>0 (533) 494 87 08 <br \/><br \/><\/p>\r\n\r\n\r\n\r\n<div style=\"height: 40px;\" aria-hidden=\"true\" class=\"wp-block-spacer\"><\/div>\r\n\r\n\r\n\r\n<p class=\"has-text-align-left has-text-color\" style=\"color: #999999; font-size: 14px;\"><\/p>\r\n<\/div>\r\n\r\n\r\n\r\n<div class=\"wp-block-column is-layout-flow\"><\/div>\r\n<\/div>\r\n<\/div>\r\n<\/div>\r\n\r\n\r\n\r\n<p>&nbsp;<\/p>\r\n","protected":false},"excerpt":{"rendered":"<p>&nbsp; Bize ula\u015f\u0131n Adresimiz \u015earkkonak Mah. Atat\u00fcrk Cad.No: 305\/BKaraa\u011fa\u00e7 &#8211; Arsuz \/ HATAY Telefon 0 (326) 641 70 900 (533) 494 87 08 &nbsp;<\/p>\n","protected":false},"author":1,"featured_media":6,"parent":0,"menu_order":0,"comment_status":"closed","ping_status":"closed","template":"page-templates\/template-pagebuilder-full-width.php","meta":[],"_links":{"self":[{"href":"http:\/\/www.melsayapiinsaat.com\/index.php\/wp-json\/wp\/v2\/pages\/14"}],"collection":[{"href":"http:\/\/www.melsayapiinsaat.com\/index.php\/wp-json\/wp\/v2\/pages"}],"about":[{"href":"http:\/\/www.melsayapiinsaat.com\/index.php\/wp-json\/wp\/v2\/types\/page"}],"author":[{"embeddable":true,"href":"http:\/\/www.melsayapiinsaat.com\/index.php\/wp-json\/wp\/v2\/users\/1"}],"replies":[{"embeddable":true,"href":"http:\/\/www.melsayapiinsaat.com\/index.php\/wp-json\/wp\/v2\/comments?post=14"}],"version-history":[{"count":10,"href":"http:\/\/www.melsayapiinsaat.com\/index.php\/wp-json\/wp\/v2\/pages\/14\/revisions"}],"predecessor-version":[{"id":83,"href":"http:\/\/www.melsayapiinsaat.com\/index.php\/wp-json\/wp\/v2\/pages\/14\/revisions\/83"}],"wp:featuredmedia":[{"embeddable":true,"href":"http:\/\/www.melsayapiinsaat.com\/index.php\/wp-json\/wp\/v2\/media\/6"}],"wp:attachment":[{"href":"http:\/\/www.melsayapiinsaat.com\/index.php\/wp-json\/wp\/v2\/media?parent=14"}],"curies":[{"name":"wp","href":"https:\/\/api.w.org\/{rel}","templated":true}]}}