{"id":13,"date":"2022-02-18T06:25:18","date_gmt":"2022-02-18T06:25:18","guid":{"rendered":"http:\/\/www.melsayapiinsaat.com\/?page_id=13"},"modified":"2022-02-25T14:27:14","modified_gmt":"2022-02-25T14:27:14","slug":"home","status":"publish","type":"page","link":"http:\/\/www.melsayapiinsaat.com\/","title":{"rendered":"Anasayfa"},"content":{"rendered":"\r\n<div class=\"wp-block-cover alignfull has-white-background-color has-background-dim hestia-clear-top-padding\">\r\n<div class=\"wp-block-cover__inner-container\">\r\n<h2 class=\"has-text-align-center has-text-color wp-block-heading\" style=\"color: #3c4858;\">Ya\u015fam in\u015fa ediyoruz.<\/h2>\r\n\r\n\r\n\r\n<div style=\"height: 40px;\" aria-hidden=\"true\" class=\"wp-block-spacer\"><\/div>\r\n\r\n\r\n\r\n<div class=\"wp-block-columns container is-layout-flex wp-container-4\">\r\n<div class=\"wp-block-column is-layout-flow\">\r\n<div class=\"wp-block-image\">\r\n<figure class=\"aligncenter size-large\"><img decoding=\"async\" src=\"http:\/\/www.melsayapiinsaat.com\/wp-content\/themes\/hestia\/assets\/img\/feat1.png\" alt=\"\" class=\"wp-image-70\" \/><\/figure>\r\n<\/div>\r\n\r\n\r\n\r\n<h5 class=\"has-text-align-center has-text-color wp-block-heading\" style=\"color: #3c4858; font-size: 18px;\">G\u00fcven<\/h5>\r\n\r\n\r\n\r\n<p class=\"has-text-align-center has-text-color\" style=\"color: #999999; font-size: 14px;\">Huzurun ve renkli ya\u015fam\u0131n tad\u0131n\u0131 \u00e7\u0131kar\u0131n. \u0130htiyac\u0131n\u0131z olan her \u015feye yan\u0131 ba\u015f\u0131n\u0131zda sahip olabilece\u011finiz ayr\u0131cal\u0131klarla dolu projelerimiz size ayr\u0131cal\u0131kl\u0131 bir d\u00fcnya sunuyor.<\/p>\r\n\r\n\r\n\r\n<div style=\"height: 25px;\" aria-hidden=\"true\" class=\"wp-block-spacer\"><\/div>\r\n<\/div>\r\n\r\n\r\n\r\n<div class=\"wp-block-column is-layout-flow\">\r\n<div class=\"wp-block-image\">\r\n<figure class=\"aligncenter size-large\"><img decoding=\"async\" src=\"http:\/\/www.melsayapiinsaat.com\/wp-content\/themes\/hestia\/assets\/img\/feat2.png\" alt=\"\" class=\"wp-image-71\" \/><\/figure>\r\n<\/div>\r\n\r\n\r\n\r\n<h5 class=\"has-text-align-center has-text-color wp-block-heading\" style=\"color: #3c4858; font-size: 18px;\">Kalite<\/h5>\r\n\r\n\r\n\r\n<p class=\"has-text-align-center has-text-color\" style=\"color: #999999; font-size: 14px;\">Yat\u0131r\u0131m de\u011feri y\u00fcksek, b\u00f6lgenin dokusuna uyumlu \u00e7a\u011fda\u015f mimarisi ile \u00f6zg\u00fcn, her b\u00fct\u00e7eye uygun, konumuyla de\u011ferli ve her ayr\u0131nt\u0131s\u0131 ile size \u00f6zel d\u00fc\u015f\u00fcn\u00fclm\u00fc\u015f projeler.<\/p>\r\n\r\n\r\n\r\n<div style=\"height: 25px;\" aria-hidden=\"true\" class=\"wp-block-spacer\"><\/div>\r\n<\/div>\r\n\r\n\r\n\r\n<div class=\"wp-block-column is-layout-flow\">\r\n<div class=\"wp-block-image\">\r\n<figure class=\"aligncenter size-large\"><img decoding=\"async\" src=\"http:\/\/www.melsayapiinsaat.com\/wp-content\/themes\/hestia\/assets\/img\/feat3.png\" alt=\"\" class=\"wp-image-72\" \/><\/figure>\r\n<\/div>\r\n\r\n\r\n\r\n<h5 class=\"has-text-align-center has-text-color wp-block-heading\" style=\"color: #3c4858; font-size: 18px;\">Estetik<\/h5>\r\n\r\n\r\n\r\n<p class=\"has-text-align-center has-text-color\" style=\"color: #999999; font-size: 14px;\">\u015eehrin en g\u00fczel b\u00f6lgelerinde sakin ve do\u011fal bir peyzaj i\u00e7erisindehuzur i\u00e7inde ya\u015fayaca\u011f\u0131n\u0131z \u00e7ok \u00f6zel daireler.<\/p>\r\n\r\n\r\n\r\n<div style=\"height: 25px;\" aria-hidden=\"true\" class=\"wp-block-spacer\"><\/div>\r\n<\/div>\r\n<\/div>\r\n\r\n\r\n\r\n<div style=\"height: 40px;\" aria-hidden=\"true\" class=\"wp-block-spacer\"><\/div>\r\n<\/div>\r\n<\/div>\r\n\r\n\r\n\r\n<div class=\"wp-block-columns container is-layout-flex wp-container-7\">\r\n<div class=\"wp-block-column col-md-5 is-layout-flow\">\r\n<div style=\"height: 55px;\" aria-hidden=\"true\" class=\"wp-block-spacer\"><\/div>\r\n\r\n\r\n\r\n<h2 class=\"wp-block-heading\">Hakk\u0131m\u0131zda<\/h2>\r\n\r\n\r\n\r\n<p class=\"has-text-align-center has-text-color\">Hayat\u0131n\u0131za de\u011fer katmak i\u00e7in buraday\u0131z.<\/p>\r\n<p>\u0130n\u015faat sekt\u00f6r\u00fcn\u00fcn t\u00fcm s\u00fcre\u00e7lerinde kazan\u0131lan yakla\u015f\u0131k 20 y\u0131ll\u0131k deneyimle bircok projede in\u015faat hizmetleri veren firmam\u0131z 2000 y\u0131l\u0131nda Melsa \u0130n\u015f. Ltd. unvan\u0131yla \u015firketle\u015fmi\u015ftir. Melsa \u0130n\u015faat , Toplu Konut, Askeri lojmanlar\u0131, Okul \u0130n\u015faatlar\u0131 gibi de\u011fi\u015fik konsept projelerde, \u00fcst Yap\u0131 Mimari \u0130\u015flerde ana firma olarak cozum orta\u011f\u0131 olmu\u015ftur, g\u00f6rev ald\u0131\u011f\u0131 tum projeleri ba\u015far\u0131yla sonland\u0131rarak teslim etmi\u015ftir.<\/p>\r\n<p>Firmam\u0131z ticari hayat\u0131nda, hukuki ve etik ilkelere sad\u0131k kalmay\u0131 hep ba\u015farm\u0131\u015ft\u0131r. Ayr\u0131ca m\u00fc\u015fteri memnuniyetini en \u00fcstte tutma ilkesini benimseyerek \u0130skenderun-Arsuz b\u00f6lge in\u015faat piyasas\u0131n\u0131n en \u00f6nemli akt\u00f6rlerinden biri olma ba\u015far\u0131s\u0131n\u0131 yakalam\u0131\u015ft\u0131r.<\/p>\r\n<\/div>\r\n\r\n\r\n\r\n<div class=\"wp-block-column col-md-6 col-md-offset1 is-layout-flow\">\r\n<div style=\"height: 55px;\" aria-hidden=\"true\" class=\"wp-block-spacer\"><\/div>\r\n\r\n\r\n\r\n<figure class=\"wp-block-image size-large\"><img decoding=\"async\" src=\"http:\/\/www.melsayapiinsaat.com\/wp-content\/themes\/hestia\/assets\/img\/about-content.png\" alt=\"\" class=\"wp-image-81\" \/><\/figure>\r\n\r\n\r\n\r\n<p>&nbsp;<\/p>\r\n<\/div>\r\n<\/div>\r\n","protected":false},"excerpt":{"rendered":"<p>Hakk\u0131m\u0131zda Hayat\u0131n\u0131za de\u011fer katmak i\u00e7in buraday\u0131z. \u0130n\u015faat sekt\u00f6r\u00fcn\u00fcn t\u00fcm s\u00fcre\u00e7lerinde kazan\u0131lan yakla\u015f\u0131k 20 y\u0131ll\u0131k deneyimle bircok projede in\u015faat hizmetleri veren firmam\u0131z 2000 y\u0131l\u0131nda Melsa \u0130n\u015f. Ltd. unvan\u0131yla \u015firketle\u015fmi\u015ftir. Melsa \u0130n\u015faat , Toplu Konut, Askeri lojmanlar\u0131, Okul \u0130n\u015faatlar\u0131 gibi de\u011fi\u015fik konsept projelerde, \u00fcst Yap\u0131 Mimari \u0130\u015flerde ana firma olarak cozum orta\u011f\u0131 [&hellip;]<\/p>\n","protected":false},"author":1,"featured_media":0,"parent":0,"menu_order":0,"comment_status":"closed","ping_status":"closed","template":"","meta":[],"_links":{"self":[{"href":"http:\/\/www.melsayapiinsaat.com\/index.php\/wp-json\/wp\/v2\/pages\/13"}],"collection":[{"href":"http:\/\/www.melsayapiinsaat.com\/index.php\/wp-json\/wp\/v2\/pages"}],"about":[{"href":"http:\/\/www.melsayapiinsaat.com\/index.php\/wp-json\/wp\/v2\/types\/page"}],"author":[{"embeddable":true,"href":"http:\/\/www.melsayapiinsaat.com\/index.php\/wp-json\/wp\/v2\/users\/1"}],"replies":[{"embeddable":true,"href":"http:\/\/www.melsayapiinsaat.com\/index.php\/wp-json\/wp\/v2\/comments?post=13"}],"version-history":[{"count":13,"href":"http:\/\/www.melsayapiinsaat.com\/index.php\/wp-json\/wp\/v2\/pages\/13\/revisions"}],"predecessor-version":[{"id":163,"href":"http:\/\/www.melsayapiinsaat.com\/index.php\/wp-json\/wp\/v2\/pages\/13\/revisions\/163"}],"wp:attachment":[{"href":"http:\/\/www.melsayapiinsaat.com\/index.php\/wp-json\/wp\/v2\/media?parent=13"}],"curies":[{"name":"wp","href":"https:\/\/api.w.org\/{rel}","templated":true}]}}